{"id":416,"date":"2024-03-19T15:04:27","date_gmt":"2024-03-19T15:04:27","guid":{"rendered":"https:\/\/buiteka.lt\/?page_id=416"},"modified":"2024-06-10T20:10:59","modified_gmt":"2024-06-10T20:10:59","slug":"kubilo-ideklai","status":"publish","type":"page","link":"https:\/\/buiteka.lt\/ru\/kubilo-ideklai\/","title":{"rendered":"Kubilo \u012fd\u0117klai"},"content":{"rendered":"<div data-elementor-type=\"wp-page\" data-elementor-id=\"416\" class=\"elementor elementor-416\" data-elementor-post-type=\"page\">\n\t\t\t\t<div class=\"elementor-element elementor-element-4ee62acf e-flex e-con-boxed e-con e-parent\" data-id=\"4ee62acf\" data-element_type=\"container\">\n\t\t\t\t\t<div class=\"e-con-inner\">\n\t\t<div class=\"elementor-element elementor-element-1e2df10 e-con-full e-flex e-con e-child\" data-id=\"1e2df10\" data-element_type=\"container\">\n\t\t\t\t<div class=\"elementor-element elementor-element-8eafcb6 elementor-widget elementor-widget-image\" data-id=\"8eafcb6\" data-element_type=\"widget\" data-widget_type=\"image.default\">\n\t\t\t\t<div class=\"elementor-widget-container\">\n\t\t\t\t\t\t\t\t\t\t\t\t\t<img fetchpriority=\"high\" decoding=\"async\" width=\"768\" height=\"768\" src=\"https:\/\/buiteka.lt\/wp-content\/uploads\/2024\/03\/ideklas__1080x1080-768x768.jpeg\" class=\"attachment-medium_large size-medium_large wp-image-418\" alt=\"\" srcset=\"https:\/\/buiteka.lt\/wp-content\/uploads\/2024\/03\/ideklas__1080x1080-768x768.jpeg 768w, https:\/\/buiteka.lt\/wp-content\/uploads\/2024\/03\/ideklas__1080x1080-300x300.jpeg 300w, https:\/\/buiteka.lt\/wp-content\/uploads\/2024\/03\/ideklas__1080x1080-1024x1024.jpeg 1024w, https:\/\/buiteka.lt\/wp-content\/uploads\/2024\/03\/ideklas__1080x1080-150x150.jpeg 150w, https:\/\/buiteka.lt\/wp-content\/uploads\/2024\/03\/ideklas__1080x1080-12x12.jpeg 12w, https:\/\/buiteka.lt\/wp-content\/uploads\/2024\/03\/ideklas__1080x1080.jpeg 1080w\" sizes=\"(max-width: 768px) 100vw, 768px\" \/>\t\t\t\t\t\t\t\t\t\t\t\t\t<\/div>\n\t\t\t\t<\/div>\n\t\t\t\t<\/div>\n\t\t<div class=\"elementor-element elementor-element-767d7b61 e-con-full e-flex e-con e-child\" data-id=\"767d7b61\" data-element_type=\"container\">\n\t\t\t\t<div class=\"elementor-element elementor-element-65e4e85f elementor-widget elementor-widget-text-editor\" data-id=\"65e4e85f\" data-element_type=\"widget\" data-widget_type=\"text-editor.default\">\n\t\t\t\t<div class=\"elementor-widget-container\">\n\t\t\t\t\t\t\t<p>Gaminame stiklo pluo\u0161to \u012fd\u0117klus pagal u\u017esakymus. \u012ed\u0117klai gaminami i\u0161 stiklo pluo\u0161to med\u017eiagos, d\u0117l to yra tvirti, ilgaam\u017eiai, atspar\u016bs korozijai ir cheminiams poveikiams. Naudojame tik kokybi\u0161kas med\u017eiagas, kurios u\u017etikrina tinkam\u0105 kubilo \u012fd\u0117kl\u0173 tarnavim\u0105 ir lengv\u0105 prie\u017ei\u016br\u0105. \u012ed\u0117kl\u0173 spalv\u0105 galima rinktis i\u0161 m\u016bs\u0173 turimos RAL spalv\u0173 pal\u0117t\u0117s. Susisiekite su mumis. jei jums reikalingas kubilo \u012fd\u0117klas.<\/p><p class=\" translation-block\"><br>Galimi u\u017esakyti \u012fd\u0117klai:<br>Su integruota krosnele:<br>Vidinis diametras 180cm, i\u0161orinis diametras 205cm<br>Gylis 85cm\/95cm<\/p><p class=\" translation-block\"><br>Su i\u0161orin\u0117 krosnele:<br>Vidinis diametras 180cm, i\u0161orinis diametras 205cm<br>Gylis 85cm\/95cm<\/p><p class=\" translation-block\"><br>Ofuro tipo id\u0117klas:<br>Vidinis ilgis 100cm, plotis 70cm<br>I\u0161orinis ilgis 120cm, plotis 0,90cm<br>Gylis 85cm<\/p>\t\t\t\t\t\t<\/div>\n\t\t\t\t<\/div>\n\t\t\t\t<\/div>\n\t\t\t\t\t<\/div>\n\t\t\t\t<\/div>\n\t\t\t\t<\/div>","protected":false},"excerpt":{"rendered":"<p>Gaminame stiklo pluo\u0161to \u012fd\u0117klus pagal u\u017esakymus. \u012ed\u0117klai gaminami i\u0161 stiklo pluo\u0161to med\u017eiagos, d\u0117l to yra tvirti, ilgaam\u017eiai, atspar\u016bs korozijai ir cheminiams poveikiams. Naudojame tik kokybi\u0161kas med\u017eiagas, kurios u\u017etikrina tinkam\u0105 kubilo \u012fd\u0117kl\u0173 tarnavim\u0105 ir lengv\u0105 prie\u017ei\u016br\u0105. \u012ed\u0117kl\u0173 spalv\u0105 galima rinktis i\u0161 m\u016bs\u0173 turimos RAL spalv\u0173 pal\u0117t\u0117s. Susisiekite su mumis. jei jums reikalingas kubilo \u012fd\u0117klas. Galimi u\u017esakyti [&hellip;]<\/p>","protected":false},"author":1,"featured_media":0,"parent":0,"menu_order":0,"comment_status":"closed","ping_status":"closed","template":"","meta":{"rank_math_lock_modified_date":false,"footnotes":""},"class_list":["post-416","page","type-page","status-publish","hentry"],"acf":[],"rankMath":{"parentDomain":"buiteka.lt","noFollowDomains":[],"noFollowExcludeDomains":[],"noFollowExternalLinks":false,"featuredImageNotice":"\u041f\u043e\u043a\u0430\u0437\u0430\u043d\u043d\u043e\u0435 \u0438\u0437\u043e\u0431\u0440\u0430\u0436\u0435\u043d\u0438\u0435 \u0434\u043e\u043b\u0436\u043d\u043e \u0431\u044b\u0442\u044c \u0440\u0430\u0437\u043c\u0435\u0440\u043e\u043c \u043d\u0435 \u043c\u0435\u043d\u0435\u0435 200 \u043d\u0430 200 \u043f\u0438\u043a\u0441\u0435\u043b\u0435\u0439, \u0447\u0442\u043e\u0431\u044b \u0435\u0433\u043e \u043c\u043e\u0433\u043b\u0438 \u0443\u0432\u0438\u0434\u0435\u0442\u044c Facebook \u0438 \u0434\u0440\u0443\u0433\u0438\u0435 \u0441\u0430\u0439\u0442\u044b \u0441\u043e\u0446\u0438\u0430\u043b\u044c\u043d\u044b\u0445 \u0441\u0435\u0442\u0435\u0439.","pluginReviewed":true,"postSettings":{"linkSuggestions":true,"useFocusKeyword":false},"frontEndScore":false,"postName":"kubilo-ideklai","permalinkFormat":"https:\/\/buiteka.lt\/ru\/%pagename%\/","showLockModifiedDate":true,"assessor":{"focusKeywordLink":"https:\/\/buiteka.lt\/wp-admin\/edit.php?focus_keyword=%focus_keyword%&post_type=%post_type%","hasTOCPlugin":true,"primaryTaxonomy":false,"serpData":{"title":"","description":"","focusKeywords":"","pillarContent":false,"canonicalUrl":"","breadcrumbTitle":"","advancedRobots":{"max-snippet":"-1","max-video-preview":"-1","max-image-preview":"large"},"facebookTitle":"","facebookDescription":"","facebookImage":"","facebookImageID":"","facebookHasOverlay":false,"facebookImageOverlay":"","facebookAuthor":"","twitterCardType":"","twitterUseFacebook":true,"twitterTitle":"","twitterDescription":"","twitterImage":"","twitterImageID":"","twitterHasOverlay":false,"twitterImageOverlay":"","twitterPlayerUrl":"","twitterPlayerSize":"","twitterPlayerStream":"","twitterPlayerStreamCtype":"","twitterAppDescription":"","twitterAppIphoneName":"","twitterAppIphoneID":"","twitterAppIphoneUrl":"","twitterAppIpadName":"","twitterAppIpadID":"","twitterAppIpadUrl":"","twitterAppGoogleplayName":"","twitterAppGoogleplayID":"","twitterAppGoogleplayUrl":"","twitterAppCountry":"","robots":{"index":true},"twitterAuthor":"\u0438\u043c\u044f \u043f\u043e\u043b\u044c\u0437\u043e\u0432\u0430\u0442\u0435\u043b\u044f","primaryTerm":0,"authorName":"adminasdev","titleTemplate":"%title% %sep% %sitename%","descriptionTemplate":"%excerpt%","showScoreFrontend":true,"lockModifiedDate":false},"powerWords":[],"diacritics":{"A":"[\\u0410\\u0430]","B":"[\\u0411\\u0431]","V":"[\\u0412\\u0432]","G":"[\\u0413\\u0433]","D":"[\\u0414\\u0434]","YE":"[\\u0415\\u0435]","YO":"[\\u0401\\u0451]","ZH":"[\\u0416\\u0436]","Z":"[\\u0417\\u0437]","EE":"[\\u0418\\u0438]","YI":"[\\u0419\\u0439]","K":"[\\u041A\\u043A]","L":"[\\u041B\\u043B]","M":"[\\u041C\\u043c]","P":"[\\u041F\\u043F]","T":"[\\u0422\\u0442]","U":"[\\u0423\\u0443]","F":"[\\u0424\\u0444]","H":"[\\u0425\\u0445]","TS":"[\\u0426\\u0446]","CH":"[\\u0427\\u0447]","SH":"[\\u0428\\u0448\\u0429\\u0449]","I":"[\\u042B\\u044B]","E":"[\\u042D\\u044D]","YU":"[\\u042E\\u044E]","YA":"[\\u042F\\u044F]","N":"[\\u041D\\u043D]"},"researchesTests":["contentHasTOC","contentHasShortParagraphs","contentHasAssets","keywordInTitle","keywordInMetaDescription","keywordInPermalink","keywordIn10Percent","keywordInContent","keywordInSubheadings","keywordInImageAlt","keywordDensity","keywordNotUsed","lengthContent","lengthPermalink","linksHasInternal","linksHasExternals","linksNotAllExternals","titleStartWithKeyword","titleSentiment","titleHasPowerWords","titleHasNumber","hasContentAI"],"hasRedirection":true,"hasBreadcrumb":false},"homeUrl":"https:\/\/buiteka.lt\/ru","objectID":416,"objectType":"post","locale":"ru","localeFull":"ru_RU","overlayImages":{"play":{"name":"Play \u0438\u043a\u043e\u043d\u043a\u0430","url":"https:\/\/buiteka.lt\/wp-content\/plugins\/seo-by-rank-math\/assets\/admin\/img\/icon-play.png","path":"\/var\/www\/vhosts\/buiteka.lt\/httpdocs\/wp-content\/plugins\/seo-by-rank-math\/assets\/admin\/img\/icon-play.png","position":"middle_center"},"gif":{"name":"GIF \u0438\u043a\u043e\u043d\u043a\u0430","url":"https:\/\/buiteka.lt\/wp-content\/plugins\/seo-by-rank-math\/assets\/admin\/img\/icon-gif.png","path":"\/var\/www\/vhosts\/buiteka.lt\/httpdocs\/wp-content\/plugins\/seo-by-rank-math\/assets\/admin\/img\/icon-gif.png","position":"middle_center"}},"defautOgImage":"https:\/\/buiteka.lt\/wp-content\/uploads\/2024\/03\/176198235_1182885708848995_5088213613569813029_n-3-1.png","customPermalinks":true,"isUserRegistered":true,"autoSuggestKeywords":true,"connectSiteUrl":"https:\/\/rankmath.com\/auth?site=https%3A%2F%2Fbuiteka.lt%2Fru&r=https%3A%2F%2Fbuiteka.lt%2Fru%2Fwp-json%2Fwp%2Fv2%2Fpages%2F416%3Fnonce%3D2bf0b83ce6&pro=1","maxTags":100,"trendsIcon":"<svg viewBox=\"0 0 610 610\"><path d=\"M18.85,446,174.32,290.48l58.08,58.08L76.93,504a14.54,14.54,0,0,1-20.55,0L18.83,466.48a14.54,14.54,0,0,1,0-20.55Z\" style=\"fill:#4285f4\"\/><path d=\"M242.65,242.66,377.59,377.6l-47.75,47.75a14.54,14.54,0,0,1-20.55,0L174.37,290.43l47.75-47.75A14.52,14.52,0,0,1,242.65,242.66Z\" style=\"fill:#ea4335\"\/><polygon points=\"319.53 319.53 479.26 159.8 537.34 217.88 377.61 377.62 319.53 319.53\" style=\"fill:#fabb05\"\/><path d=\"M594.26,262.73V118.61h0a16.94,16.94,0,0,0-16.94-16.94H433.2a16.94,16.94,0,0,0-12,28.92L565.34,274.71h0a16.94,16.94,0,0,0,28.92-12Z\" style=\"fill:#34a853\"\/><rect width=\"610\" height=\"610\" style=\"fill:none\"\/><\/svg>","showScore":true,"siteFavIcon":"https:\/\/buiteka.lt\/wp-content\/uploads\/2024\/03\/favicon.png","canUser":{"general":false,"advanced":false,"snippet":false,"social":false,"analysis":false,"analytics":false,"content_ai":false},"isPro":true,"is_front_page":false,"trendsUpgradeLink":"https:\/\/rankmath.com\/pricing\/?utm_source=Plugin&utm_medium=CE%20General%20Tab%20Trends&utm_campaign=WP","trendsUpgradeLabel":"\u0410\u043f\u0433\u0440\u0435\u0439\u0434","trendsPreviewImage":"https:\/\/buiteka.lt\/wp-content\/plugins\/seo-by-rank-math\/assets\/admin\/img\/trends-preview.jpg","currentEditor":false,"homepageData":{"assessor":{"powerWords":[],"diacritics":true,"researchesTests":["contentHasTOC","contentHasShortParagraphs","contentHasAssets","keywordInTitle","keywordInMetaDescription","keywordInPermalink","keywordIn10Percent","keywordInContent","keywordInSubheadings","keywordInImageAlt","keywordDensity","keywordNotUsed","lengthContent","lengthPermalink","linksHasInternal","linksHasExternals","linksNotAllExternals","titleStartWithKeyword","titleSentiment","titleHasPowerWords","titleHasNumber","hasContentAI"],"hasBreadcrumb":false,"serpData":{"title":"%sitename% %page% %sep% %sitedesc%","description":"","titleTemplate":"%sitename% %page% %sep% %sitedesc%","descriptionTemplate":"","focusKeywords":"","breadcrumbTitle":"Home","robots":{"index":true},"advancedRobots":{"max-snippet":"-1","max-video-preview":"-1","max-image-preview":"large"},"facebookTitle":"","facebookDescription":"","facebookImage":"","facebookImageID":""}}},"isAnalyticsConnected":true,"tocTitle":"Table of Contents","tocExcludeHeadings":[],"listStyle":"ul"},"_links":{"self":[{"href":"https:\/\/buiteka.lt\/ru\/wp-json\/wp\/v2\/pages\/416","targetHints":{"allow":["GET"]}}],"collection":[{"href":"https:\/\/buiteka.lt\/ru\/wp-json\/wp\/v2\/pages"}],"about":[{"href":"https:\/\/buiteka.lt\/ru\/wp-json\/wp\/v2\/types\/page"}],"author":[{"embeddable":true,"href":"https:\/\/buiteka.lt\/ru\/wp-json\/wp\/v2\/users\/1"}],"replies":[{"embeddable":true,"href":"https:\/\/buiteka.lt\/ru\/wp-json\/wp\/v2\/comments?post=416"}],"version-history":[{"count":28,"href":"https:\/\/buiteka.lt\/ru\/wp-json\/wp\/v2\/pages\/416\/revisions"}],"predecessor-version":[{"id":947,"href":"https:\/\/buiteka.lt\/ru\/wp-json\/wp\/v2\/pages\/416\/revisions\/947"}],"wp:attachment":[{"href":"https:\/\/buiteka.lt\/ru\/wp-json\/wp\/v2\/media?parent=416"}],"curies":[{"name":"wp","href":"https:\/\/api.w.org\/{rel}","templated":true}]}}