{"id":375,"date":"2024-03-19T14:51:03","date_gmt":"2024-03-19T14:51:03","guid":{"rendered":"https:\/\/buiteka.lt\/?page_id=375"},"modified":"2024-06-10T20:13:10","modified_gmt":"2024-06-10T20:13:10","slug":"vandens-telkiniu-aeravimas","status":"publish","type":"page","link":"https:\/\/buiteka.lt\/ru\/vandens-telkiniu-aeravimas\/","title":{"rendered":"Vandens telkini\u0173 aeravimas"},"content":{"rendered":"<div data-elementor-type=\"wp-page\" data-elementor-id=\"375\" class=\"elementor elementor-375\" data-elementor-post-type=\"page\">\n\t\t\t\t<div class=\"elementor-element elementor-element-5431a6d6 e-flex e-con-boxed e-con e-parent\" data-id=\"5431a6d6\" data-element_type=\"container\">\n\t\t\t\t\t<div class=\"e-con-inner\">\n\t\t\t\t<div class=\"elementor-element elementor-element-73c2bf8d elementor-widget elementor-widget-text-editor\" data-id=\"73c2bf8d\" data-element_type=\"widget\" data-widget_type=\"text-editor.default\">\n\t\t\t\t<div class=\"elementor-widget-container\">\n\t\t\t\t\t\t\t<p>Tvenkinio produktyvumas priklauso nuo \u012fvairiausi\u0173 veiksni\u0173: pradedant vandens kokybe, baigiant deguonies r\u0117\u017eimu. Tvenkin\u012f reikia nuolat puosel\u0117ti, \u0161varinti, r\u016bpintis jo flora ir fauna.<\/p><p>Kaip \u017einia, daugeliui i\u0161kyla klausimas: \u201eO kaip i\u0161saugoti \u017euvis po ledu?\u201c.\u00a0Dauguma \u017euv\u0173 augintoj\u0173 mano, kad b\u016btina nuvalyti snieg\u0105, tada saul\u0117 atgaivins tvenkinio augalij\u0105, kuri gamins deguon\u012f. Bet u\u017etenka keletos apsiniaukusi\u0173 dien\u0173 ir v\u0117l tvenkinio augalai apmirs. Eket\u0117mis tvenkinio vandens deguonimi taip pat neprisodrinsi. Jos bematant u\u017esitraukia ledu. Eket\u0117 gali b\u016bti naudinga tik tiek, kiek pro j\u0105 \u012f vanden\u012f patenka \u0161viesos. Geriausias sprendimas i\u0161saugoti \u017euvis \u017eiem\u0105 &#8211; vandens aeravimas (prisotinimas deguonimi).<\/p><p>Vasar\u0105\u00a0aeratoriai yra naudojami vandens prisotinimui deguonimi, kai n\u0117ra\u00a0pakankamo deguonies kiekio vandenyje.\u00a0\u017diem\u0105 aeratoriai padeda i\u0161gyventi \u017euvims &#8211; jie naudojami vandens ventiliavimui karpini\u0173 \u017euv\u0173 auginimo vietose, o svarbiausia, jie naudojami vandens telkini\u0173 oro prisotinimui.<\/p>\t\t\t\t\t\t<\/div>\n\t\t\t\t<\/div>\n\t\t\t\t\t<\/div>\n\t\t\t\t<\/div>\n\t\t<div class=\"elementor-element elementor-element-664fdc1 e-flex e-con-boxed e-con e-parent\" data-id=\"664fdc1\" data-element_type=\"container\">\n\t\t\t\t\t<div class=\"e-con-inner\">\n\t\t\t\t<div class=\"elementor-element elementor-element-fbe41a9 elementor-widget elementor-widget-image\" data-id=\"fbe41a9\" data-element_type=\"widget\" data-widget_type=\"image.default\">\n\t\t\t\t<div class=\"elementor-widget-container\">\n\t\t\t\t\t\t\t\t\t\t\t\t\t<img fetchpriority=\"high\" decoding=\"async\" width=\"1024\" height=\"768\" src=\"https:\/\/buiteka.lt\/wp-content\/uploads\/2024\/03\/wr8h.jpeg\" class=\"attachment-large size-large wp-image-377\" alt=\"\" srcset=\"https:\/\/buiteka.lt\/wp-content\/uploads\/2024\/03\/wr8h.jpeg 1024w, https:\/\/buiteka.lt\/wp-content\/uploads\/2024\/03\/wr8h-300x225.jpeg 300w, https:\/\/buiteka.lt\/wp-content\/uploads\/2024\/03\/wr8h-768x576.jpeg 768w, https:\/\/buiteka.lt\/wp-content\/uploads\/2024\/03\/wr8h-16x12.jpeg 16w\" sizes=\"(max-width: 1024px) 100vw, 1024px\" \/>\t\t\t\t\t\t\t\t\t\t\t\t\t<\/div>\n\t\t\t\t<\/div>\n\t\t\t\t<div class=\"elementor-element elementor-element-8b18c9d elementor-widget elementor-widget-image\" data-id=\"8b18c9d\" data-element_type=\"widget\" data-widget_type=\"image.default\">\n\t\t\t\t<div class=\"elementor-widget-container\">\n\t\t\t\t\t\t\t\t\t\t\t\t\t<img decoding=\"async\" width=\"1024\" height=\"768\" src=\"https:\/\/buiteka.lt\/wp-content\/uploads\/2024\/03\/csvq.jpeg\" class=\"attachment-large size-large wp-image-378\" alt=\"\" srcset=\"https:\/\/buiteka.lt\/wp-content\/uploads\/2024\/03\/csvq.jpeg 1024w, https:\/\/buiteka.lt\/wp-content\/uploads\/2024\/03\/csvq-300x225.jpeg 300w, https:\/\/buiteka.lt\/wp-content\/uploads\/2024\/03\/csvq-768x576.jpeg 768w, https:\/\/buiteka.lt\/wp-content\/uploads\/2024\/03\/csvq-16x12.jpeg 16w\" sizes=\"(max-width: 1024px) 100vw, 1024px\" \/>\t\t\t\t\t\t\t\t\t\t\t\t\t<\/div>\n\t\t\t\t<\/div>\n\t\t\t\t<div class=\"elementor-element elementor-element-9e78577 elementor-widget elementor-widget-image\" data-id=\"9e78577\" data-element_type=\"widget\" data-widget_type=\"image.default\">\n\t\t\t\t<div class=\"elementor-widget-container\">\n\t\t\t\t\t\t\t\t\t\t\t\t\t<img decoding=\"async\" width=\"1024\" height=\"768\" src=\"https:\/\/buiteka.lt\/wp-content\/uploads\/2024\/03\/tvenkinziema.jpeg\" class=\"attachment-large size-large wp-image-379\" alt=\"\" srcset=\"https:\/\/buiteka.lt\/wp-content\/uploads\/2024\/03\/tvenkinziema.jpeg 1024w, https:\/\/buiteka.lt\/wp-content\/uploads\/2024\/03\/tvenkinziema-300x225.jpeg 300w, https:\/\/buiteka.lt\/wp-content\/uploads\/2024\/03\/tvenkinziema-768x576.jpeg 768w, https:\/\/buiteka.lt\/wp-content\/uploads\/2024\/03\/tvenkinziema-16x12.jpeg 16w\" sizes=\"(max-width: 1024px) 100vw, 1024px\" \/>\t\t\t\t\t\t\t\t\t\t\t\t\t<\/div>\n\t\t\t\t<\/div>\n\t\t\t\t\t<\/div>\n\t\t\t\t<\/div>\n\t\t<div class=\"elementor-element elementor-element-459b60d e-flex e-con-boxed e-con e-parent\" data-id=\"459b60d\" data-element_type=\"container\">\n\t\t\t\t\t<div class=\"e-con-inner\">\n\t\t\t\t<div class=\"elementor-element elementor-element-42a5ec3 elementor-widget elementor-widget-heading\" data-id=\"42a5ec3\" data-element_type=\"widget\" data-widget_type=\"heading.default\">\n\t\t\t\t<div class=\"elementor-widget-container\">\n\t\t\t<h2 class=\"elementor-heading-title elementor-size-default\">Kaip veikia aeratoriai? <\/h2>\t\t<\/div>\n\t\t\t\t<\/div>\n\t\t\t\t<div class=\"elementor-element elementor-element-b1409b6 elementor-widget elementor-widget-text-editor\" data-id=\"b1409b6\" data-element_type=\"widget\" data-widget_type=\"text-editor.default\">\n\t\t\t\t<div class=\"elementor-widget-container\">\n\t\t\t\t\t\t\t<div>Vandens aeratori\u0173 atliekamos funkcijos: aeracija, oksidavimas, degazavimas, cirkuliacija, i\u0161sluoksniavimas, put\u0173 i\u0161metimas, vandens ir dugno valymas.<\/div><ul><li><div>Vandens aeratoriai pu\u010dia didel\u012f kiek\u012f ma\u017ey\u010di\u0173 burbuliuk\u0173 formos or\u0105 \u012f vanden\u012f reguliuojamame auk\u0161tyje (0,5-2 metr\u0173).\u00a0<\/div><\/li><li><div>S\u016bkuriuodamas jis vandenyje sumai\u0161o or\u0105 ir deguon\u012f.<\/div><\/li><li><div>Pakankamame gylyje aeracija neutralizuoja ter\u0161ian\u010dius elementus.\u00a0<\/div><\/li><li><div>Aeratorius garantuoja geresn\u012f deguonies patekim\u0105 \u012f vanden\u012f. Jis gali paduoti gryn\u0105 deguon\u012f be i\u0161sisklaidymo nuo 0,5 iki 8 metr\u0173 atstumu.<\/div><\/li><li><div>Aeratorius i\u0161 vandens pa\u0161alina kenksmingas dujas.<\/div><\/li><li><div>Sukurdamas horizontali\u0105 vandens srov\u0119 ir vertikali\u0105 oro srov\u0119 vandenyje, aeratorius trukdo vis\u0173 r\u016b\u0161i\u0173 sluoksniavimuisi, i\u0161saugodamas nekintan\u010di\u0105 ekosistem\u0105.<\/div><\/li><li><div>Vandens aeratorius apsaugo nuo duj\u0173 ki\u0161eni\u0173 susidarymo.<\/div><\/li><li><div>Priklausomai nuo tvenkinio dyd\u017eio yra parenkamas aeratoriaus galingumas ir orap\u016bt\u0117. Pvz.: membranin\u0117 60 W galingumo orap\u016bt\u0117 gali \u012fp\u016bsti apie 60 l\/min oro.<\/div><\/li><\/ul>\t\t\t\t\t\t<\/div>\n\t\t\t\t<\/div>\n\t\t\t\t\t<\/div>\n\t\t\t\t<\/div>\n\t\t<div class=\"elementor-element elementor-element-1d3ba2f e-flex e-con-boxed e-con e-parent\" data-id=\"1d3ba2f\" data-element_type=\"container\">\n\t\t\t\t\t<div class=\"e-con-inner\">\n\t\t\t\t<div class=\"elementor-element elementor-element-8df59f9 elementor-widget elementor-widget-image\" data-id=\"8df59f9\" data-element_type=\"widget\" data-widget_type=\"image.default\">\n\t\t\t\t<div class=\"elementor-widget-container\">\n\t\t\t\t\t\t\t\t\t\t\t\t\t<img loading=\"lazy\" decoding=\"async\" width=\"1024\" height=\"768\" src=\"https:\/\/buiteka.lt\/wp-content\/uploads\/2024\/03\/ok56.jpeg\" class=\"attachment-large size-large wp-image-380\" alt=\"\" srcset=\"https:\/\/buiteka.lt\/wp-content\/uploads\/2024\/03\/ok56.jpeg 1024w, https:\/\/buiteka.lt\/wp-content\/uploads\/2024\/03\/ok56-300x225.jpeg 300w, https:\/\/buiteka.lt\/wp-content\/uploads\/2024\/03\/ok56-768x576.jpeg 768w, https:\/\/buiteka.lt\/wp-content\/uploads\/2024\/03\/ok56-16x12.jpeg 16w\" sizes=\"(max-width: 1024px) 100vw, 1024px\" \/>\t\t\t\t\t\t\t\t\t\t\t\t\t<\/div>\n\t\t\t\t<\/div>\n\t\t\t\t<div class=\"elementor-element elementor-element-4d812fb elementor-widget elementor-widget-image\" data-id=\"4d812fb\" data-element_type=\"widget\" data-widget_type=\"image.default\">\n\t\t\t\t<div class=\"elementor-widget-container\">\n\t\t\t\t\t\t\t\t\t\t\t\t\t<img loading=\"lazy\" decoding=\"async\" width=\"1024\" height=\"768\" src=\"https:\/\/buiteka.lt\/wp-content\/uploads\/2024\/03\/orap_dez-scaled-1024x768.jpeg\" class=\"attachment-large size-large wp-image-381\" alt=\"\" srcset=\"https:\/\/buiteka.lt\/wp-content\/uploads\/2024\/03\/orap_dez-scaled-1024x768.jpeg 1024w, https:\/\/buiteka.lt\/wp-content\/uploads\/2024\/03\/orap_dez-scaled-300x225.jpeg 300w, https:\/\/buiteka.lt\/wp-content\/uploads\/2024\/03\/orap_dez-scaled-768x576.jpeg 768w, https:\/\/buiteka.lt\/wp-content\/uploads\/2024\/03\/orap_dez-scaled-1536x1152.jpeg 1536w, https:\/\/buiteka.lt\/wp-content\/uploads\/2024\/03\/orap_dez-scaled-2048x1536.jpeg 2048w, https:\/\/buiteka.lt\/wp-content\/uploads\/2024\/03\/orap_dez-scaled-16x12.jpeg 16w\" sizes=\"(max-width: 1024px) 100vw, 1024px\" \/>\t\t\t\t\t\t\t\t\t\t\t\t\t<\/div>\n\t\t\t\t<\/div>\n\t\t\t\t<div class=\"elementor-element elementor-element-1949c9b elementor-widget elementor-widget-image\" data-id=\"1949c9b\" data-element_type=\"widget\" data-widget_type=\"image.default\">\n\t\t\t\t<div class=\"elementor-widget-container\">\n\t\t\t\t\t\t\t\t\t\t\t\t\t<img loading=\"lazy\" decoding=\"async\" width=\"1024\" height=\"768\" src=\"https:\/\/buiteka.lt\/wp-content\/uploads\/2024\/03\/9np8.jpeg\" class=\"attachment-large size-large wp-image-382\" alt=\"\" srcset=\"https:\/\/buiteka.lt\/wp-content\/uploads\/2024\/03\/9np8.jpeg 1024w, https:\/\/buiteka.lt\/wp-content\/uploads\/2024\/03\/9np8-300x225.jpeg 300w, https:\/\/buiteka.lt\/wp-content\/uploads\/2024\/03\/9np8-768x576.jpeg 768w, https:\/\/buiteka.lt\/wp-content\/uploads\/2024\/03\/9np8-16x12.jpeg 16w\" sizes=\"(max-width: 1024px) 100vw, 1024px\" \/>\t\t\t\t\t\t\t\t\t\t\t\t\t<\/div>\n\t\t\t\t<\/div>\n\t\t\t\t\t<\/div>\n\t\t\t\t<\/div>\n\t\t<div class=\"elementor-element elementor-element-dffc308 e-flex e-con-boxed e-con e-parent\" data-id=\"dffc308\" data-element_type=\"container\">\n\t\t\t\t\t<div class=\"e-con-inner\">\n\t\t\t\t<div class=\"elementor-element elementor-element-3ccb2c7 elementor-widget elementor-widget-text-editor\" data-id=\"3ccb2c7\" data-element_type=\"widget\" data-widget_type=\"text-editor.default\">\n\t\t\t\t<div class=\"elementor-widget-container\">\n\t\t\t\t\t\t\t<p><strong>Pastaba:<\/strong>\u00a0efektyviai gelb\u0117ti \u017euvis reikia, kai deguonies kiekis suma\u017e\u0117ja iki ne ma\u017eiau nei 2.5 mg\/l.\u00a0V\u0117liau\u00a0gali b\u016bti per v\u0117lu. Taip pat rezultatai bus teigiami tik nedideliuose keli\u0173 ar\u0173 ar hektar\u0173 ploto telkiniuose. E\u017eeruose, kuri\u0173 plotas \u0161imtai hektar\u0173, efektyvu gali b\u016bti tik pratakumo padidinimas.<\/p>\t\t\t\t\t\t<\/div>\n\t\t\t\t<\/div>\n\t\t\t\t\t<\/div>\n\t\t\t\t<\/div>\n\t\t\t\t<\/div>","protected":false},"excerpt":{"rendered":"<p>Tvenkinio produktyvumas priklauso nuo \u012fvairiausi\u0173 veiksni\u0173: pradedant vandens kokybe, baigiant deguonies r\u0117\u017eimu. Tvenkin\u012f reikia nuolat puosel\u0117ti, \u0161varinti, r\u016bpintis jo flora ir fauna. Kaip \u017einia, daugeliui i\u0161kyla klausimas: \u201eO kaip i\u0161saugoti \u017euvis po ledu?\u201c.\u00a0Dauguma \u017euv\u0173 augintoj\u0173 mano, kad b\u016btina nuvalyti snieg\u0105, tada saul\u0117 atgaivins tvenkinio augalij\u0105, kuri gamins deguon\u012f. Bet u\u017etenka keletos apsiniaukusi\u0173 dien\u0173 ir v\u0117l [&hellip;]<\/p>","protected":false},"author":1,"featured_media":0,"parent":0,"menu_order":0,"comment_status":"closed","ping_status":"closed","template":"","meta":{"rank_math_lock_modified_date":false,"footnotes":""},"class_list":["post-375","page","type-page","status-publish","hentry"],"acf":[],"rankMath":{"parentDomain":"buiteka.lt","noFollowDomains":[],"noFollowExcludeDomains":[],"noFollowExternalLinks":false,"featuredImageNotice":"\u041f\u043e\u043a\u0430\u0437\u0430\u043d\u043d\u043e\u0435 \u0438\u0437\u043e\u0431\u0440\u0430\u0436\u0435\u043d\u0438\u0435 \u0434\u043e\u043b\u0436\u043d\u043e \u0431\u044b\u0442\u044c \u0440\u0430\u0437\u043c\u0435\u0440\u043e\u043c \u043d\u0435 \u043c\u0435\u043d\u0435\u0435 200 \u043d\u0430 200 \u043f\u0438\u043a\u0441\u0435\u043b\u0435\u0439, \u0447\u0442\u043e\u0431\u044b \u0435\u0433\u043e \u043c\u043e\u0433\u043b\u0438 \u0443\u0432\u0438\u0434\u0435\u0442\u044c Facebook \u0438 \u0434\u0440\u0443\u0433\u0438\u0435 \u0441\u0430\u0439\u0442\u044b \u0441\u043e\u0446\u0438\u0430\u043b\u044c\u043d\u044b\u0445 \u0441\u0435\u0442\u0435\u0439.","pluginReviewed":true,"postSettings":{"linkSuggestions":true,"useFocusKeyword":false},"frontEndScore":false,"postName":"vandens-telkiniu-aeravimas","permalinkFormat":"https:\/\/buiteka.lt\/ru\/%pagename%\/","showLockModifiedDate":true,"assessor":{"focusKeywordLink":"https:\/\/buiteka.lt\/wp-admin\/edit.php?focus_keyword=%focus_keyword%&post_type=%post_type%","hasTOCPlugin":true,"primaryTaxonomy":false,"serpData":{"title":"","description":"","focusKeywords":"","pillarContent":false,"canonicalUrl":"","breadcrumbTitle":"","advancedRobots":{"max-snippet":"-1","max-video-preview":"-1","max-image-preview":"large"},"facebookTitle":"","facebookDescription":"","facebookImage":"","facebookImageID":"","facebookHasOverlay":false,"facebookImageOverlay":"","facebookAuthor":"","twitterCardType":"","twitterUseFacebook":true,"twitterTitle":"","twitterDescription":"","twitterImage":"","twitterImageID":"","twitterHasOverlay":false,"twitterImageOverlay":"","twitterPlayerUrl":"","twitterPlayerSize":"","twitterPlayerStream":"","twitterPlayerStreamCtype":"","twitterAppDescription":"","twitterAppIphoneName":"","twitterAppIphoneID":"","twitterAppIphoneUrl":"","twitterAppIpadName":"","twitterAppIpadID":"","twitterAppIpadUrl":"","twitterAppGoogleplayName":"","twitterAppGoogleplayID":"","twitterAppGoogleplayUrl":"","twitterAppCountry":"","robots":{"index":true},"twitterAuthor":"\u0438\u043c\u044f \u043f\u043e\u043b\u044c\u0437\u043e\u0432\u0430\u0442\u0435\u043b\u044f","primaryTerm":0,"authorName":"adminasdev","titleTemplate":"%title% %sep% %sitename%","descriptionTemplate":"%excerpt%","showScoreFrontend":true,"lockModifiedDate":false},"powerWords":[],"diacritics":{"A":"[\\u0410\\u0430]","B":"[\\u0411\\u0431]","V":"[\\u0412\\u0432]","G":"[\\u0413\\u0433]","D":"[\\u0414\\u0434]","YE":"[\\u0415\\u0435]","YO":"[\\u0401\\u0451]","ZH":"[\\u0416\\u0436]","Z":"[\\u0417\\u0437]","EE":"[\\u0418\\u0438]","YI":"[\\u0419\\u0439]","K":"[\\u041A\\u043A]","L":"[\\u041B\\u043B]","M":"[\\u041C\\u043c]","P":"[\\u041F\\u043F]","T":"[\\u0422\\u0442]","U":"[\\u0423\\u0443]","F":"[\\u0424\\u0444]","H":"[\\u0425\\u0445]","TS":"[\\u0426\\u0446]","CH":"[\\u0427\\u0447]","SH":"[\\u0428\\u0448\\u0429\\u0449]","I":"[\\u042B\\u044B]","E":"[\\u042D\\u044D]","YU":"[\\u042E\\u044E]","YA":"[\\u042F\\u044F]","N":"[\\u041D\\u043D]"},"researchesTests":["contentHasTOC","contentHasShortParagraphs","contentHasAssets","keywordInTitle","keywordInMetaDescription","keywordInPermalink","keywordIn10Percent","keywordInContent","keywordInSubheadings","keywordInImageAlt","keywordDensity","keywordNotUsed","lengthContent","lengthPermalink","linksHasInternal","linksHasExternals","linksNotAllExternals","titleStartWithKeyword","titleSentiment","titleHasPowerWords","titleHasNumber","hasContentAI"],"hasRedirection":true,"hasBreadcrumb":false},"homeUrl":"https:\/\/buiteka.lt\/ru","objectID":375,"objectType":"post","locale":"ru","localeFull":"ru_RU","overlayImages":{"play":{"name":"Play \u0438\u043a\u043e\u043d\u043a\u0430","url":"https:\/\/buiteka.lt\/wp-content\/plugins\/seo-by-rank-math\/assets\/admin\/img\/icon-play.png","path":"\/var\/www\/vhosts\/buiteka.lt\/httpdocs\/wp-content\/plugins\/seo-by-rank-math\/assets\/admin\/img\/icon-play.png","position":"middle_center"},"gif":{"name":"GIF \u0438\u043a\u043e\u043d\u043a\u0430","url":"https:\/\/buiteka.lt\/wp-content\/plugins\/seo-by-rank-math\/assets\/admin\/img\/icon-gif.png","path":"\/var\/www\/vhosts\/buiteka.lt\/httpdocs\/wp-content\/plugins\/seo-by-rank-math\/assets\/admin\/img\/icon-gif.png","position":"middle_center"}},"defautOgImage":"https:\/\/buiteka.lt\/wp-content\/uploads\/2024\/03\/176198235_1182885708848995_5088213613569813029_n-3-1.png","customPermalinks":true,"isUserRegistered":true,"autoSuggestKeywords":true,"connectSiteUrl":"https:\/\/rankmath.com\/auth?site=https%3A%2F%2Fbuiteka.lt%2Fru&r=https%3A%2F%2Fbuiteka.lt%2Fru%2Fwp-json%2Fwp%2Fv2%2Fpages%2F375%3Fnonce%3Dc884600082&pro=1","maxTags":100,"trendsIcon":"<svg viewBox=\"0 0 610 610\"><path d=\"M18.85,446,174.32,290.48l58.08,58.08L76.93,504a14.54,14.54,0,0,1-20.55,0L18.83,466.48a14.54,14.54,0,0,1,0-20.55Z\" style=\"fill:#4285f4\"\/><path d=\"M242.65,242.66,377.59,377.6l-47.75,47.75a14.54,14.54,0,0,1-20.55,0L174.37,290.43l47.75-47.75A14.52,14.52,0,0,1,242.65,242.66Z\" style=\"fill:#ea4335\"\/><polygon points=\"319.53 319.53 479.26 159.8 537.34 217.88 377.61 377.62 319.53 319.53\" style=\"fill:#fabb05\"\/><path d=\"M594.26,262.73V118.61h0a16.94,16.94,0,0,0-16.94-16.94H433.2a16.94,16.94,0,0,0-12,28.92L565.34,274.71h0a16.94,16.94,0,0,0,28.92-12Z\" style=\"fill:#34a853\"\/><rect width=\"610\" height=\"610\" style=\"fill:none\"\/><\/svg>","showScore":true,"siteFavIcon":"https:\/\/buiteka.lt\/wp-content\/uploads\/2024\/03\/favicon.png","canUser":{"general":false,"advanced":false,"snippet":false,"social":false,"analysis":false,"analytics":false,"content_ai":false},"isPro":true,"is_front_page":false,"trendsUpgradeLink":"https:\/\/rankmath.com\/pricing\/?utm_source=Plugin&utm_medium=CE%20General%20Tab%20Trends&utm_campaign=WP","trendsUpgradeLabel":"\u0410\u043f\u0433\u0440\u0435\u0439\u0434","trendsPreviewImage":"https:\/\/buiteka.lt\/wp-content\/plugins\/seo-by-rank-math\/assets\/admin\/img\/trends-preview.jpg","currentEditor":false,"homepageData":{"assessor":{"powerWords":[],"diacritics":true,"researchesTests":["contentHasTOC","contentHasShortParagraphs","contentHasAssets","keywordInTitle","keywordInMetaDescription","keywordInPermalink","keywordIn10Percent","keywordInContent","keywordInSubheadings","keywordInImageAlt","keywordDensity","keywordNotUsed","lengthContent","lengthPermalink","linksHasInternal","linksHasExternals","linksNotAllExternals","titleStartWithKeyword","titleSentiment","titleHasPowerWords","titleHasNumber","hasContentAI"],"hasBreadcrumb":false,"serpData":{"title":"%sitename% %page% %sep% %sitedesc%","description":"","titleTemplate":"%sitename% %page% %sep% %sitedesc%","descriptionTemplate":"","focusKeywords":"","breadcrumbTitle":"Home","robots":{"index":true},"advancedRobots":{"max-snippet":"-1","max-video-preview":"-1","max-image-preview":"large"},"facebookTitle":"","facebookDescription":"","facebookImage":"","facebookImageID":""}}},"isAnalyticsConnected":true,"tocTitle":"Table of Contents","tocExcludeHeadings":[],"listStyle":"ul"},"_links":{"self":[{"href":"https:\/\/buiteka.lt\/ru\/wp-json\/wp\/v2\/pages\/375","targetHints":{"allow":["GET"]}}],"collection":[{"href":"https:\/\/buiteka.lt\/ru\/wp-json\/wp\/v2\/pages"}],"about":[{"href":"https:\/\/buiteka.lt\/ru\/wp-json\/wp\/v2\/types\/page"}],"author":[{"embeddable":true,"href":"https:\/\/buiteka.lt\/ru\/wp-json\/wp\/v2\/users\/1"}],"replies":[{"embeddable":true,"href":"https:\/\/buiteka.lt\/ru\/wp-json\/wp\/v2\/comments?post=375"}],"version-history":[{"count":13,"href":"https:\/\/buiteka.lt\/ru\/wp-json\/wp\/v2\/pages\/375\/revisions"}],"predecessor-version":[{"id":962,"href":"https:\/\/buiteka.lt\/ru\/wp-json\/wp\/v2\/pages\/375\/revisions\/962"}],"wp:attachment":[{"href":"https:\/\/buiteka.lt\/ru\/wp-json\/wp\/v2\/media?parent=375"}],"curies":[{"name":"wp","href":"https:\/\/api.w.org\/{rel}","templated":true}]}}