{"id":355,"date":"2024-03-19T14:32:26","date_gmt":"2024-03-19T14:32:26","guid":{"rendered":"https:\/\/buiteka.lt\/?page_id=355"},"modified":"2024-06-10T20:13:50","modified_gmt":"2024-06-10T20:13:50","slug":"naftos-skirtuvai","status":"publish","type":"page","link":"https:\/\/buiteka.lt\/ru\/naftos-skirtuvai\/","title":{"rendered":"Naftos skirtuvai"},"content":{"rendered":"<div data-elementor-type=\"wp-page\" data-elementor-id=\"355\" class=\"elementor elementor-355\" data-elementor-post-type=\"page\">\n\t\t\t\t<div class=\"elementor-element elementor-element-6a16b175 e-flex e-con-boxed e-con e-parent\" data-id=\"6a16b175\" data-element_type=\"container\">\n\t\t\t\t\t<div class=\"e-con-inner\">\n\t\t\t\t<div class=\"elementor-element elementor-element-5303260e elementor-widget elementor-widget-text-editor\" data-id=\"5303260e\" data-element_type=\"widget\" data-widget_type=\"text-editor.default\">\n\t\t\t\t<div class=\"elementor-widget-container\">\n\t\t\t\t\t\t\t<div>UAB &#8222;Buiteka LT&#8221; gaminami naftos skirtuvai yra priskirti&nbsp;I&nbsp;naftos skirtuv\u0173&nbsp;kategorijai, kur maksimalus leistinas naftos produkt\u0173 kiekis valytose nuotekose yra 5 mg\/l.<\/div>\n<div>Naftos skirtuvai gaminami i\u0161 stiklo pluo\u0161to, turin\u010dio puikias darbines charakteristikas, kurios atitinka visus \u0161iai med\u017eiagai keliamus reikalavimus. Kas u\u017etikrina jo ilgaam\u017ei\u0161kum\u0105 bei saug\u0173 ir lengv\u0105 \u012frenginio montavim\u0105.<\/div>\n<div>\n<p>Naftos produkt\u0173 skirtuvai skirti lengv\u0173j\u0173 naftos produkt\u0173 atskyrimui i\u0161 lietaus nuotek\u0173. Atskirti naft\u0105 i\u0161 vandens galima gravitacijos b\u016bdu ir\/arba koalescensini\u0173 plok\u0161\u010di\u0173 pagalba. Naftos skirtuvai gali b\u016bti naudojami pirminiam nuotek\u0173 apvalymui, prie\u0161 i\u0161leid\u017eiant lietaus nuotekas \u012f lietaus nuotakyn\u0105 arba galutiniam nuotek\u0173 i\u0161valymui, prie\u0161 i\u0161leid\u017eiant \u012f vandens telkinius. Naftos skirtuvai gali b\u016bti naudojami lietaus nuotek\u0173 valymui:&nbsp;<\/p>\n<p><\/p>\n<p>\u2022&nbsp;&nbsp;&nbsp; nuo degalini\u0173,&nbsp;<br>\u2022&nbsp;&nbsp;&nbsp; gatvi\u0173,&nbsp;<br>\u2022&nbsp;&nbsp;&nbsp; auto remonto dirbtuvi\u0173,&nbsp;<br>\u2022&nbsp;&nbsp;&nbsp; automobili\u0173 stov\u0117jimo aik\u0161teli\u0173,&nbsp;<br>\u2022&nbsp;&nbsp;&nbsp; gara\u017e\u0173 masyv\u0173,&nbsp;<br>\u2022&nbsp;&nbsp;&nbsp; pramon\u0117s \u012fmoni\u0173 teritorij\u0173,&nbsp;<br>\u2022&nbsp;&nbsp;&nbsp; metalo lau\u017eo aik\u0161teli\u0173,&nbsp;<br>\u2022&nbsp;&nbsp;&nbsp; sand\u0117li\u0173 ir terminal\u0173 teritorij\u0173 bei kit\u0173 objekt\u0173.<\/p>\n<\/div>\n<div>&nbsp;<\/div>\n<div>Naftos skirtuvai negali b\u016bti naudojami buitini\u0173 nuotek\u0173 valymui.<\/div>\n<div>\u012e naftos skirtuv\u0105 u\u017e atskir\u0105 mokest\u012f gali b\u016bti sumontuota automatin\u0117 signalizacija su davikliu. Daviklis signalizuoja apie skirtuve susikaupusios&nbsp;naftos&nbsp;kiek\u012f. Pasiekus atitinkam\u0105 naftos produkt\u0173 kiek\u012f, daviklis garsiniu signalu prane\u0161a, jog reikia \u0161alinti susikaupusius naftos produktus.<\/div>\t\t\t\t\t\t<\/div>\n\t\t\t\t<\/div>\n\t\t\t\t\t<\/div>\n\t\t\t\t<\/div>\n\t\t<div class=\"elementor-element elementor-element-cebe2b0 e-flex e-con-boxed e-con e-parent\" data-id=\"cebe2b0\" data-element_type=\"container\">\n\t\t\t\t\t<div class=\"e-con-inner\">\n\t\t\t\t<div class=\"elementor-element elementor-element-c8b4a16 elementor-widget elementor-widget-heading\" data-id=\"c8b4a16\" data-element_type=\"widget\" data-widget_type=\"heading.default\">\n\t\t\t\t<div class=\"elementor-widget-container\">\n\t\t\t<h2 class=\"elementor-heading-title elementor-size-default\">Veikimo principas<\/h2>\t\t<\/div>\n\t\t\t\t<\/div>\n\t\t\t\t<div class=\"elementor-element elementor-element-83e27b0 elementor-widget elementor-widget-text-editor\" data-id=\"83e27b0\" data-element_type=\"widget\" data-widget_type=\"text-editor.default\">\n\t\t\t\t<div class=\"elementor-widget-container\">\n\t\t\t\t\t\t\t<div>Naftos skirtuv\u0105 sudaro cilindrinis vertikalus arba horizontalus korpusas (sm\u0117liagaud\u0117, pirmoji ir antroji kamera), koalescensinis filtras \u00a0ir nuotek\u0173 lygio daviklis.<\/div><div>Siekiant u\u017etikrinti normose reikalaujam\u0105 nuotek\u0173 i\u0161valymo nuo naftos produkt\u0173 laipsn\u012f (ma\u017eiau kaip 5 mg\/l i\u0161eigoje), prie\u0161 kiekvien\u0105 naftos skirtuv\u0105 sumontuojama tinkamos talpos sm\u0117liagaud\u0117, kurioje vyksta mineralin\u0117s suspensijos (sm\u0117lis, \u017evyras, dumblas ir pan.) sedimentacija. Nuotekos i\u0161 sm\u0117liagaud\u0117s pro \u012ftek\u0117jimo vamzd\u012f ir atitekan\u010dio srauto paskirstymo \u012frengin\u012f patenka \u012f naftos skirtuvo pirm\u0105j\u0105 kamer\u0105, kur vyksta flotacijos ir koalescencijos rei\u0161kiniai. Didesn\u0117s naftos produkt\u0173 dalel\u0117s flotuoja (veikiamos svorio skirtumo kyla \u012f vir\u0161\u0173). Smulkios dalel\u0117s nus\u0117da ant koalescencinio filtro pavir\u0161iaus (adsorbcijos rei\u0161kinys), kur jungiasi su kitomis (koalescencija), kol pradeda flotuoti ir taip ant pavir\u0161iaus susidaro naftos produkt\u0173 sluoksnis.<\/div><div>Jeigu nuotekas reikia i\u0161valyti nuo naftos produkt\u0173 iki 1 mg\/l i\u0161valymo laipsnio, tuomet nuotek\u0173 srautas keliauja \u012f antr\u0105j\u0105 naftos skirtuvo kamer\u0105. \u010cia nuotekos yra papildomai i\u0161valomos nuo naftos produkt\u0173, naudojant sorbuojant\u012f Fibroil filtr\u0105.\u00a0<br \/>I\u0161valytos nuotekos pro i\u0161tek\u0117jimo vamzd\u012f i\u0161 skirtuvo kanalizacijos vamzd\u017eiais nukreipiamos \u012f buitin\u0117s kanalizacijos tinklus papildomam apvalymui.<\/div>\t\t\t\t\t\t<\/div>\n\t\t\t\t<\/div>\n\t\t\t\t\t<\/div>\n\t\t\t\t<\/div>\n\t\t<div class=\"elementor-element elementor-element-5ca52d5 e-flex e-con-boxed e-con e-parent\" data-id=\"5ca52d5\" data-element_type=\"container\">\n\t\t\t\t\t<div class=\"e-con-inner\">\n\t\t\t\t<div class=\"elementor-element elementor-element-78fc02a elementor-widget elementor-widget-heading\" data-id=\"78fc02a\" data-element_type=\"widget\" data-widget_type=\"heading.default\">\n\t\t\t\t<div class=\"elementor-widget-container\">\n\t\t\t<h2 class=\"elementor-heading-title elementor-size-default\">Prie\u017ei\u016bra<\/h2>\t\t<\/div>\n\t\t\t\t<\/div>\n\t\t\t\t<div class=\"elementor-element elementor-element-7e34dab elementor-widget elementor-widget-text-editor\" data-id=\"7e34dab\" data-element_type=\"widget\" data-widget_type=\"text-editor.default\">\n\t\t\t\t<div class=\"elementor-widget-container\">\n\t\t\t\t\t\t\t<div>Vir\u0161 sm\u0117liagaud\u0117s ir skirtuv\u0173 montuojami techninio aptarnavimo liukai, kurie leid\u017eia \u012fgilinti sm\u0117liagaud\u0117s ir skirtuvo \u012ftek\u0117jimo vamzd\u012f iki reikalingo gylio nuo projektuojamo \u017eem\u0117s pavir\u0161iaus. Jeigu naftos skirtuve n\u0117ra signalizatoriaus ir lygio daviklio, b\u016btina reguliariai kas dvi savaites patikrinti susikaupusi\u0173 naftos produkt\u0173 \u00a0sluoksn\u012f. Naftos produktus i\u0161 skirtuvo b\u016btina \u0161alinti, jei j\u0173 sluoksnio storis daugiau kaip 1 cm. Naftos produkt\u0173 \u0161alinimas atliekamas per aptarnavimo liuk\u0105, i\u0161siurbiant juos asenizacine ma\u0161ina.<\/div><div>Jeigu naftos skirtuve yra nuotek\u0173 lygio daviklis &#8211; naftos produktai siurbiami \u012fsijungus signalizatoriui.<\/div>\t\t\t\t\t\t<\/div>\n\t\t\t\t<\/div>\n\t\t\t\t\t<\/div>\n\t\t\t\t<\/div>\n\t\t<div class=\"elementor-element elementor-element-d3c0eba e-flex e-con-boxed e-con e-parent\" data-id=\"d3c0eba\" data-element_type=\"container\">\n\t\t\t\t\t<div class=\"e-con-inner\">\n\t\t\t\t<div class=\"elementor-element elementor-element-d55fa3c elementor-widget-divider--view-line elementor-widget elementor-widget-divider\" data-id=\"d55fa3c\" data-element_type=\"widget\" data-widget_type=\"divider.default\">\n\t\t\t\t<div class=\"elementor-widget-container\">\n\t\t\t\t\t<div class=\"elementor-divider\">\n\t\t\t<span class=\"elementor-divider-separator\">\n\t\t\t\t\t\t<\/span>\n\t\t<\/div>\n\t\t\t\t<\/div>\n\t\t\t\t<\/div>\n\t\t\t\t\t<\/div>\n\t\t\t\t<\/div>\n\t\t\t\t<\/div>","protected":false},"excerpt":{"rendered":"<p>UAB &#8222;Buiteka LT&#8221; gaminami naftos skirtuvai yra priskirti&nbsp;I&nbsp;naftos skirtuv\u0173&nbsp;kategorijai, kur maksimalus leistinas naftos produkt\u0173 kiekis valytose nuotekose yra 5 mg\/l. Naftos skirtuvai gaminami i\u0161 stiklo pluo\u0161to, turin\u010dio puikias darbines charakteristikas, kurios atitinka visus \u0161iai med\u017eiagai keliamus reikalavimus. Kas u\u017etikrina jo ilgaam\u017ei\u0161kum\u0105 bei saug\u0173 ir lengv\u0105 \u012frenginio montavim\u0105. Naftos produkt\u0173 skirtuvai skirti lengv\u0173j\u0173 naftos produkt\u0173 atskyrimui [&hellip;]<\/p>","protected":false},"author":1,"featured_media":0,"parent":0,"menu_order":0,"comment_status":"closed","ping_status":"closed","template":"","meta":{"rank_math_lock_modified_date":false,"footnotes":""},"class_list":["post-355","page","type-page","status-publish","hentry"],"acf":[],"rankMath":{"parentDomain":"buiteka.lt","noFollowDomains":[],"noFollowExcludeDomains":[],"noFollowExternalLinks":false,"featuredImageNotice":"\u041f\u043e\u043a\u0430\u0437\u0430\u043d\u043d\u043e\u0435 \u0438\u0437\u043e\u0431\u0440\u0430\u0436\u0435\u043d\u0438\u0435 \u0434\u043e\u043b\u0436\u043d\u043e \u0431\u044b\u0442\u044c \u0440\u0430\u0437\u043c\u0435\u0440\u043e\u043c \u043d\u0435 \u043c\u0435\u043d\u0435\u0435 200 \u043d\u0430 200 \u043f\u0438\u043a\u0441\u0435\u043b\u0435\u0439, \u0447\u0442\u043e\u0431\u044b \u0435\u0433\u043e \u043c\u043e\u0433\u043b\u0438 \u0443\u0432\u0438\u0434\u0435\u0442\u044c Facebook \u0438 \u0434\u0440\u0443\u0433\u0438\u0435 \u0441\u0430\u0439\u0442\u044b \u0441\u043e\u0446\u0438\u0430\u043b\u044c\u043d\u044b\u0445 \u0441\u0435\u0442\u0435\u0439.","pluginReviewed":true,"postSettings":{"linkSuggestions":true,"useFocusKeyword":false},"frontEndScore":false,"postName":"naftos-skirtuvai","permalinkFormat":"https:\/\/buiteka.lt\/ru\/%pagename%\/","showLockModifiedDate":true,"assessor":{"focusKeywordLink":"https:\/\/buiteka.lt\/wp-admin\/edit.php?focus_keyword=%focus_keyword%&post_type=%post_type%","hasTOCPlugin":true,"primaryTaxonomy":false,"serpData":{"title":"","description":"","focusKeywords":"","pillarContent":false,"canonicalUrl":"","breadcrumbTitle":"","advancedRobots":{"max-snippet":"-1","max-video-preview":"-1","max-image-preview":"large"},"facebookTitle":"","facebookDescription":"","facebookImage":"","facebookImageID":"","facebookHasOverlay":false,"facebookImageOverlay":"","facebookAuthor":"","twitterCardType":"","twitterUseFacebook":true,"twitterTitle":"","twitterDescription":"","twitterImage":"","twitterImageID":"","twitterHasOverlay":false,"twitterImageOverlay":"","twitterPlayerUrl":"","twitterPlayerSize":"","twitterPlayerStream":"","twitterPlayerStreamCtype":"","twitterAppDescription":"","twitterAppIphoneName":"","twitterAppIphoneID":"","twitterAppIphoneUrl":"","twitterAppIpadName":"","twitterAppIpadID":"","twitterAppIpadUrl":"","twitterAppGoogleplayName":"","twitterAppGoogleplayID":"","twitterAppGoogleplayUrl":"","twitterAppCountry":"","robots":{"index":true},"twitterAuthor":"\u0438\u043c\u044f \u043f\u043e\u043b\u044c\u0437\u043e\u0432\u0430\u0442\u0435\u043b\u044f","primaryTerm":0,"authorName":"adminasdev","titleTemplate":"%title% %sep% %sitename%","descriptionTemplate":"%excerpt%","showScoreFrontend":true,"lockModifiedDate":false},"powerWords":[],"diacritics":{"A":"[\\u0410\\u0430]","B":"[\\u0411\\u0431]","V":"[\\u0412\\u0432]","G":"[\\u0413\\u0433]","D":"[\\u0414\\u0434]","YE":"[\\u0415\\u0435]","YO":"[\\u0401\\u0451]","ZH":"[\\u0416\\u0436]","Z":"[\\u0417\\u0437]","EE":"[\\u0418\\u0438]","YI":"[\\u0419\\u0439]","K":"[\\u041A\\u043A]","L":"[\\u041B\\u043B]","M":"[\\u041C\\u043c]","P":"[\\u041F\\u043F]","T":"[\\u0422\\u0442]","U":"[\\u0423\\u0443]","F":"[\\u0424\\u0444]","H":"[\\u0425\\u0445]","TS":"[\\u0426\\u0446]","CH":"[\\u0427\\u0447]","SH":"[\\u0428\\u0448\\u0429\\u0449]","I":"[\\u042B\\u044B]","E":"[\\u042D\\u044D]","YU":"[\\u042E\\u044E]","YA":"[\\u042F\\u044F]","N":"[\\u041D\\u043D]"},"researchesTests":["contentHasTOC","contentHasShortParagraphs","contentHasAssets","keywordInTitle","keywordInMetaDescription","keywordInPermalink","keywordIn10Percent","keywordInContent","keywordInSubheadings","keywordInImageAlt","keywordDensity","keywordNotUsed","lengthContent","lengthPermalink","linksHasInternal","linksHasExternals","linksNotAllExternals","titleStartWithKeyword","titleSentiment","titleHasPowerWords","titleHasNumber","hasContentAI"],"hasRedirection":true,"hasBreadcrumb":false},"homeUrl":"https:\/\/buiteka.lt\/ru","objectID":355,"objectType":"post","locale":"ru","localeFull":"ru_RU","overlayImages":{"play":{"name":"Play \u0438\u043a\u043e\u043d\u043a\u0430","url":"https:\/\/buiteka.lt\/wp-content\/plugins\/seo-by-rank-math\/assets\/admin\/img\/icon-play.png","path":"\/var\/www\/vhosts\/buiteka.lt\/httpdocs\/wp-content\/plugins\/seo-by-rank-math\/assets\/admin\/img\/icon-play.png","position":"middle_center"},"gif":{"name":"GIF \u0438\u043a\u043e\u043d\u043a\u0430","url":"https:\/\/buiteka.lt\/wp-content\/plugins\/seo-by-rank-math\/assets\/admin\/img\/icon-gif.png","path":"\/var\/www\/vhosts\/buiteka.lt\/httpdocs\/wp-content\/plugins\/seo-by-rank-math\/assets\/admin\/img\/icon-gif.png","position":"middle_center"}},"defautOgImage":"https:\/\/buiteka.lt\/wp-content\/uploads\/2024\/03\/176198235_1182885708848995_5088213613569813029_n-3-1.png","customPermalinks":true,"isUserRegistered":true,"autoSuggestKeywords":true,"connectSiteUrl":"https:\/\/rankmath.com\/auth?site=https%3A%2F%2Fbuiteka.lt%2Fru&r=https%3A%2F%2Fbuiteka.lt%2Fru%2Fwp-json%2Fwp%2Fv2%2Fpages%2F355%3Fnonce%3Dc884600082&pro=1","maxTags":100,"trendsIcon":"<svg viewBox=\"0 0 610 610\"><path d=\"M18.85,446,174.32,290.48l58.08,58.08L76.93,504a14.54,14.54,0,0,1-20.55,0L18.83,466.48a14.54,14.54,0,0,1,0-20.55Z\" style=\"fill:#4285f4\"\/><path d=\"M242.65,242.66,377.59,377.6l-47.75,47.75a14.54,14.54,0,0,1-20.55,0L174.37,290.43l47.75-47.75A14.52,14.52,0,0,1,242.65,242.66Z\" style=\"fill:#ea4335\"\/><polygon points=\"319.53 319.53 479.26 159.8 537.34 217.88 377.61 377.62 319.53 319.53\" style=\"fill:#fabb05\"\/><path d=\"M594.26,262.73V118.61h0a16.94,16.94,0,0,0-16.94-16.94H433.2a16.94,16.94,0,0,0-12,28.92L565.34,274.71h0a16.94,16.94,0,0,0,28.92-12Z\" style=\"fill:#34a853\"\/><rect width=\"610\" height=\"610\" style=\"fill:none\"\/><\/svg>","showScore":true,"siteFavIcon":"https:\/\/buiteka.lt\/wp-content\/uploads\/2024\/03\/favicon.png","canUser":{"general":false,"advanced":false,"snippet":false,"social":false,"analysis":false,"analytics":false,"content_ai":false},"isPro":true,"is_front_page":false,"trendsUpgradeLink":"https:\/\/rankmath.com\/pricing\/?utm_source=Plugin&utm_medium=CE%20General%20Tab%20Trends&utm_campaign=WP","trendsUpgradeLabel":"\u0410\u043f\u0433\u0440\u0435\u0439\u0434","trendsPreviewImage":"https:\/\/buiteka.lt\/wp-content\/plugins\/seo-by-rank-math\/assets\/admin\/img\/trends-preview.jpg","currentEditor":false,"homepageData":{"assessor":{"powerWords":[],"diacritics":true,"researchesTests":["contentHasTOC","contentHasShortParagraphs","contentHasAssets","keywordInTitle","keywordInMetaDescription","keywordInPermalink","keywordIn10Percent","keywordInContent","keywordInSubheadings","keywordInImageAlt","keywordDensity","keywordNotUsed","lengthContent","lengthPermalink","linksHasInternal","linksHasExternals","linksNotAllExternals","titleStartWithKeyword","titleSentiment","titleHasPowerWords","titleHasNumber","hasContentAI"],"hasBreadcrumb":false,"serpData":{"title":"%sitename% %page% %sep% %sitedesc%","description":"","titleTemplate":"%sitename% %page% %sep% %sitedesc%","descriptionTemplate":"","focusKeywords":"","breadcrumbTitle":"Home","robots":{"index":true},"advancedRobots":{"max-snippet":"-1","max-video-preview":"-1","max-image-preview":"large"},"facebookTitle":"","facebookDescription":"","facebookImage":"","facebookImageID":""}}},"isAnalyticsConnected":true,"tocTitle":"Table of Contents","tocExcludeHeadings":[],"listStyle":"ul"},"_links":{"self":[{"href":"https:\/\/buiteka.lt\/ru\/wp-json\/wp\/v2\/pages\/355","targetHints":{"allow":["GET"]}}],"collection":[{"href":"https:\/\/buiteka.lt\/ru\/wp-json\/wp\/v2\/pages"}],"about":[{"href":"https:\/\/buiteka.lt\/ru\/wp-json\/wp\/v2\/types\/page"}],"author":[{"embeddable":true,"href":"https:\/\/buiteka.lt\/ru\/wp-json\/wp\/v2\/users\/1"}],"replies":[{"embeddable":true,"href":"https:\/\/buiteka.lt\/ru\/wp-json\/wp\/v2\/comments?post=355"}],"version-history":[{"count":22,"href":"https:\/\/buiteka.lt\/ru\/wp-json\/wp\/v2\/pages\/355\/revisions"}],"predecessor-version":[{"id":968,"href":"https:\/\/buiteka.lt\/ru\/wp-json\/wp\/v2\/pages\/355\/revisions\/968"}],"wp:attachment":[{"href":"https:\/\/buiteka.lt\/ru\/wp-json\/wp\/v2\/media?parent=355"}],"curies":[{"name":"wp","href":"https:\/\/api.w.org\/{rel}","templated":true}]}}