{"id":306,"date":"2024-03-19T13:31:36","date_gmt":"2024-03-19T13:31:36","guid":{"rendered":"https:\/\/buiteka.lt\/?page_id=306"},"modified":"2024-11-12T07:16:32","modified_gmt":"2024-11-12T07:16:32","slug":"stiklopluosto-kubilai","status":"publish","type":"page","link":"https:\/\/buiteka.lt\/ru\/stiklopluosto-kubilai\/","title":{"rendered":"\u041a\u0443\u043f\u0435\u043b\u0438 \u0438\u0437 \u0441\u0442\u0435\u043a\u043b\u043e\u0432\u043e\u043b\u043e\u043a\u043d\u0430"},"content":{"rendered":"<div data-elementor-type=\"wp-page\" data-elementor-id=\"306\" class=\"elementor elementor-306\" data-elementor-post-type=\"page\">\n\t\t\t\t<div class=\"elementor-element elementor-element-00f2e24 e-flex e-con-boxed e-con e-parent\" data-id=\"00f2e24\" data-element_type=\"container\">\n\t\t\t\t\t<div class=\"e-con-inner\">\n\t\t<div class=\"elementor-element elementor-element-ba82420 e-con-full e-flex e-con e-child\" data-id=\"ba82420\" data-element_type=\"container\">\n\t\t\t\t<div class=\"elementor-element elementor-element-dcd5895 elementor-widget elementor-widget-image\" data-id=\"dcd5895\" data-element_type=\"widget\" data-widget_type=\"image.default\">\n\t\t\t\t<div class=\"elementor-widget-container\">\n\t\t\t\t\t\t\t\t\t\t\t\t\t\t\t<img fetchpriority=\"high\" decoding=\"async\" width=\"768\" height=\"512\" src=\"https:\/\/buiteka.lt\/wp-content\/uploads\/2024\/03\/dsc_2722fb__1890x1260-768x512.jpeg\" class=\"attachment-medium_large size-medium_large wp-image-312\" alt=\"dsc_2722fb__1890x1260\" srcset=\"https:\/\/buiteka.lt\/wp-content\/uploads\/2024\/03\/dsc_2722fb__1890x1260-768x512.jpeg 768w, https:\/\/buiteka.lt\/wp-content\/uploads\/2024\/03\/dsc_2722fb__1890x1260-300x200.jpeg 300w, https:\/\/buiteka.lt\/wp-content\/uploads\/2024\/03\/dsc_2722fb__1890x1260-1024x683.jpeg 1024w, https:\/\/buiteka.lt\/wp-content\/uploads\/2024\/03\/dsc_2722fb__1890x1260-1536x1024.jpeg 1536w, https:\/\/buiteka.lt\/wp-content\/uploads\/2024\/03\/dsc_2722fb__1890x1260-18x12.jpeg 18w, https:\/\/buiteka.lt\/wp-content\/uploads\/2024\/03\/dsc_2722fb__1890x1260.jpeg 1890w\" sizes=\"(max-width: 768px) 100vw, 768px\" \/>\t\t\t\t\t\t\t\t\t\t\t\t\t\t\t<\/div>\n\t\t\t\t<\/div>\n\t\t\t\t<\/div>\n\t\t<div class=\"elementor-element elementor-element-e2b6c0b e-con-full e-flex e-con e-child\" data-id=\"e2b6c0b\" data-element_type=\"container\">\n\t\t<div class=\"elementor-element elementor-element-cd1e7b2 e-flex e-con-boxed e-con e-child\" data-id=\"cd1e7b2\" data-element_type=\"container\">\n\t\t\t\t\t<div class=\"e-con-inner\">\n\t\t\t\t<div class=\"elementor-element elementor-element-8a6cfe3 elementor-widget elementor-widget-text-editor\" data-id=\"8a6cfe3\" data-element_type=\"widget\" data-widget_type=\"text-editor.default\">\n\t\t\t\t<div class=\"elementor-widget-container\">\n\t\t\t\t\t\t\t\t\t<p>UAB Buiteka LT \u043f\u0440\u0435\u0434\u043b\u0430\u0433\u0430\u0435\u0442 \u0434\u043e\u043b\u0433\u043e\u0432\u0435\u0447\u043d\u044b\u0435, \u043f\u0440\u043e\u0447\u043d\u044b\u0435 \u0438 \u0442\u0440\u0435\u0431\u0443\u044e\u0449\u0438\u0435 \u043c\u0438\u043d\u0438\u043c\u0430\u043b\u044c\u043d\u043e\u0433\u043e \u043e\u0431\u0441\u043b\u0443\u0436\u0438\u0432\u0430\u043d\u0438\u044f \u0438\u0437\u0434\u0435\u043b\u0438\u044f \u0438\u0437 \u0441\u0442\u0435\u043a\u043b\u043e\u0432\u043e\u043b\u043e\u043a\u043d\u0430.<\/p>\n<p>\u00a0<\/p>\n<p class=\"translation-block\">\u0421\u043e\u0432\u0440\u0435\u043c\u0435\u043d\u043d\u044b\u0435 \u0438 \u043f\u0440\u043e\u0447\u043d\u044b\u0435 \u043a\u0443\u043f\u0435\u043b\u0438, \u043a\u043e\u0442\u043e\u0440\u044b\u0435 \u043f\u043e\u043c\u043e\u0433\u0443\u0442 \u0432\u0430\u043c \u0440\u0430\u0441\u0441\u043b\u0430\u0431\u0438\u0442\u044c\u0441\u044f \u0438 \u0441\u043d\u0438\u0437\u0438\u0442\u044c \u0443\u0440\u043e\u0432\u0435\u043d\u044c \u0441\u0442\u0440\u0435\u0441\u0441\u0430. \u0422\u0430\u043a\u043e\u0439 \u043e\u0442\u0434\u044b\u0445 \u043c\u043e\u0436\u043d\u043e \u0443\u0441\u0442\u0440\u043e\u0438\u0442\u044c \u0432 \u043a\u0440\u0443\u0433\u0443 \u0441\u0435\u043c\u044c\u0438 \u0438\u043b\u0438 \u043a\u043e\u043c\u043f\u0430\u043d\u0438\u0438 \u0434\u0440\u0443\u0437\u0435\u0439.<\/p>\n<p class=\"translation-block\">\u041f\u0440\u0435\u0438\u043c\u0443\u0449\u0435\u0441\u0442\u0432\u0430 \u043a\u0443\u043f\u0435\u043b\u0438 \u0438\u0437 \u0441\u0442\u0435\u043a\u043b\u043e\u0432\u043e\u043b\u043e\u043a\u043d\u0430:<br>\n\u2022 \u0413\u0438\u0433\u0438\u0435\u043d\u0438\u0447\u043d\u043e\u0441\u0442\u044c;<br>\n\u2022 \u041b\u0435\u0433\u043a\u043e\u0441\u0442\u044c \u0432 \u0443\u0445\u043e\u0434\u0435;<br>\n\u2022 \u0414\u043e\u043b\u0433\u043e\u0432\u0435\u0447\u043d\u043e\u0441\u0442\u044c;<br>\n\u2022 \u0412\u043e\u0434\u043e\u043d\u0435\u043f\u0440\u043e\u043d\u0438\u0446\u0430\u0435\u043c\u043e\u0441\u0442\u044c;<br>\n\u2022 \u0421\u043b\u043e\u0439 \u0433\u0435\u043b\u044c\u043a\u043e\u0443\u0442\u0430 \u0443\u0441\u0442\u043e\u0439\u0447\u0438\u0432 \u043a \u0443\u043b\u044c\u0442\u0440\u0430\u0444\u0438\u043e\u043b\u0435\u0442\u043e\u0432\u044b\u043c \u043b\u0443\u0447\u0430\u043c.<\/p>\n<p>\u00a0<\/p>\n\t\t\t\t\t\t\t\t<\/div>\n\t\t\t\t<\/div>\n\t\t\t\t\t<\/div>\n\t\t\t\t<\/div>\n\t\t\t\t<\/div>\n\t\t\t\t\t<\/div>\n\t\t\t\t<\/div>\n\t\t<div class=\"elementor-element elementor-element-2048756 e-grid e-con-boxed e-con e-parent\" data-id=\"2048756\" data-element_type=\"container\">\n\t\t\t\t\t<div class=\"e-con-inner\">\n\t\t\t\t<div class=\"elementor-element elementor-element-95c189c elementor-widget elementor-widget-text-editor\" data-id=\"95c189c\" data-element_type=\"widget\" data-widget_type=\"text-editor.default\">\n\t\t\t\t<div class=\"elementor-widget-container\">\n\t\t\t\t\t\t\t\t\t<p>\u0423\u043b\u0438\u0447\u043d\u044b\u0435 \u043a\u0443\u043f\u0435\u043b\u0438 \u0438\u0437\u0433\u043e\u0442\u0430\u0432\u043b\u0438\u0432\u0430\u044e\u0442\u0441\u044f \u0441 \u0438\u043d\u0442\u0435\u0433\u0440\u0438\u0440\u043e\u0432\u0430\u043d\u043d\u043e\u0439 \u0438\u043b\u0438 \u0432\u043d\u0435\u0448\u043d\u0435\u0439 \u043f\u0435\u0447\u044c\u044e \u0438\u0437 \u043d\u0435\u0440\u0436\u0430\u0432\u0435\u044e\u0449\u0435\u0439 \u0441\u0442\u0430\u043b\u0438. \u041e\u0442\u0434\u0435\u043b\u043a\u0430 \u043a\u0443\u043f\u0435\u043b\u0438 \u0432\u044b\u043f\u043e\u043b\u043d\u044f\u0435\u0442\u0441\u044f \u043f\u043e \u0436\u0435\u043b\u0430\u043d\u0438\u044e \u043a\u043b\u0438\u0435\u043d\u0442\u0430 \u0438\u0437 \u0435\u043b\u0438, \u043b\u0438\u0441\u0442\u0432\u0435\u043d\u043d\u0438\u0446\u044b, WPC \u043f\u0430\u043d\u0435\u043b\u0435\u0439 \u0438\u043b\u0438 \u0442\u0435\u0440\u043c\u043e\u0434\u0440\u0435\u0432\u0435\u0441\u0438\u043d\u044b. \u041a\u0443\u043f\u0435\u043b\u0438 \u043a\u043e\u043c\u043f\u043b\u0435\u043a\u0442\u0443\u044e\u0442\u0441\u044f \u0433\u0438\u0434\u0440\u043e- \u0438 \u0430\u044d\u0440\u043e\u043c\u0430\u0441\u0441\u0430\u0436\u043d\u043e\u0439 \u0441\u0438\u0441\u0442\u0435\u043c\u043e\u0439, \u0432\u043d\u0443\u0442\u0440\u0435\u043d\u043d\u0435\u0439 \u0438 \u043d\u0430\u0440\u0443\u0436\u043d\u043e\u0439 LED \u043f\u043e\u0434\u0441\u0432\u0435\u0442\u043a\u043e\u0439, \u0441\u0432\u0435\u0442\u044f\u0449\u0438\u043c\u0438\u0441\u044f \u0433\u0438\u0434\u0440\u043e- \u0438 \u0430\u044d\u0440\u043e\u0441\u043e\u043f\u043b\u0430\u043c\u0438, \u043f\u043e\u0434\u0443\u0448\u043a\u0430\u043c\u0438 \u0434\u043b\u044f \u0448\u0435\u0438, \u043f\u043e\u043b\u043a\u043e\u0439 \u0434\u043b\u044f \u043d\u0430\u043f\u0438\u0442\u043a\u043e\u0432, \u043f\u043b\u0430\u0432\u0430\u044e\u0449\u0438\u043c \u0431\u0430\u0440\u043e\u043c. \u041a\u0440\u044b\u0448\u043a\u0430 \u0434\u043b\u044f \u043a\u0443\u043f\u0435\u043b\u0438 \u043c\u043e\u0436\u0435\u0442 \u0431\u044b\u0442\u044c \u043b\u0438\u0431\u043e \u0442\u0435\u0440\u043c\u043e\u043a\u0440\u044b\u0448\u043a\u043e\u0439, \u043b\u0438\u0431\u043e \u0438\u0437 \u0441\u0442\u0435\u043a\u043b\u043e\u0432\u043e\u043b\u043e\u043a\u043d\u0430.<\/p>\n<p><\/p>\n\t\t\t\t\t\t\t\t<\/div>\n\t\t\t\t<\/div>\n\t\t\t\t\t<\/div>\n\t\t\t\t<\/div>\n\t\t<div class=\"elementor-element elementor-element-9b7497d e-flex e-con-boxed e-con e-parent\" data-id=\"9b7497d\" data-element_type=\"container\">\n\t\t\t\t\t<div class=\"e-con-inner\">\n\t\t\t\t<div class=\"elementor-element elementor-element-5693400 elementor-widget elementor-widget-image-gallery\" data-id=\"5693400\" data-element_type=\"widget\" data-widget_type=\"image-gallery.default\">\n\t\t\t\t<div class=\"elementor-widget-container\">\n\t\t\t\t\t\t\t<div class=\"elementor-image-gallery\">\n\t\t\t\n\t\t<style type=\"text\/css\">\n\t\t\t#gallery-1 {\n\t\t\t\tmargin: auto;\n\t\t\t}\n\t\t\t#gallery-1 .gallery-item {\n\t\t\t\tfloat: left;\n\t\t\t\tmargin-top: 10px;\n\t\t\t\ttext-align: center;\n\t\t\t\twidth: 50%;\n\t\t\t}\n\t\t\t#gallery-1 img {\n\t\t\t\tborder: 2px solid #cfcfcf;\n\t\t\t}\n\t\t\t#gallery-1 .gallery-caption {\n\t\t\t\tmargin-left: 0;\n\t\t\t}\n\t\t\t\/* see gallery_shortcode() in wp-includes\/media.php *\/\n\t\t<\/style>\n\t\t<div id='gallery-1' class='gallery galleryid-306 gallery-columns-2 gallery-size-medium_large'><dl class='gallery-item'>\n\t\t\t<dt class='gallery-icon landscape'>\n\t\t\t\t<a data-elementor-open-lightbox=\"yes\" data-elementor-lightbox-slideshow=\"5693400\" data-elementor-lightbox-title=\"dsc_2735fb__1890x1260\" data-e-action-hash=\"#elementor-action%3Aaction%3Dlightbox%26settings%3DeyJpZCI6MzE0LCJ1cmwiOiJodHRwczpcL1wvYnVpdGVrYS5sdFwvd3AtY29udGVudFwvdXBsb2Fkc1wvMjAyNFwvMDNcL2RzY18yNzM1ZmJfXzE4OTB4MTI2MC5qcGVnIiwic2xpZGVzaG93IjoiNTY5MzQwMCJ9\" href='https:\/\/buiteka.lt\/wp-content\/uploads\/2024\/03\/dsc_2735fb__1890x1260.jpeg'><img decoding=\"async\" width=\"768\" height=\"512\" src=\"https:\/\/buiteka.lt\/wp-content\/uploads\/2024\/03\/dsc_2735fb__1890x1260-768x512.jpeg\" class=\"attachment-medium_large size-medium_large\" alt=\"dsc_2735fb__1890x1260\" srcset=\"https:\/\/buiteka.lt\/wp-content\/uploads\/2024\/03\/dsc_2735fb__1890x1260-768x512.jpeg 768w, https:\/\/buiteka.lt\/wp-content\/uploads\/2024\/03\/dsc_2735fb__1890x1260-300x200.jpeg 300w, https:\/\/buiteka.lt\/wp-content\/uploads\/2024\/03\/dsc_2735fb__1890x1260-1024x683.jpeg 1024w, https:\/\/buiteka.lt\/wp-content\/uploads\/2024\/03\/dsc_2735fb__1890x1260-1536x1024.jpeg 1536w, https:\/\/buiteka.lt\/wp-content\/uploads\/2024\/03\/dsc_2735fb__1890x1260-18x12.jpeg 18w, https:\/\/buiteka.lt\/wp-content\/uploads\/2024\/03\/dsc_2735fb__1890x1260.jpeg 1890w\" sizes=\"(max-width: 768px) 100vw, 768px\" \/><\/a>\n\t\t\t<\/dt><\/dl><dl class='gallery-item'>\n\t\t\t<dt class='gallery-icon landscape'>\n\t\t\t\t<a data-elementor-open-lightbox=\"yes\" data-elementor-lightbox-slideshow=\"5693400\" data-elementor-lightbox-title=\"dsc_2713fb__1890x1260\" data-e-action-hash=\"#elementor-action%3Aaction%3Dlightbox%26settings%3DeyJpZCI6MzEzLCJ1cmwiOiJodHRwczpcL1wvYnVpdGVrYS5sdFwvd3AtY29udGVudFwvdXBsb2Fkc1wvMjAyNFwvMDNcL2RzY18yNzEzZmJfXzE4OTB4MTI2MC5qcGVnIiwic2xpZGVzaG93IjoiNTY5MzQwMCJ9\" href='https:\/\/buiteka.lt\/wp-content\/uploads\/2024\/03\/dsc_2713fb__1890x1260.jpeg'><img decoding=\"async\" width=\"768\" height=\"512\" src=\"https:\/\/buiteka.lt\/wp-content\/uploads\/2024\/03\/dsc_2713fb__1890x1260-768x512.jpeg\" class=\"attachment-medium_large size-medium_large\" alt=\"dsc_2713fb__1890x1260\" srcset=\"https:\/\/buiteka.lt\/wp-content\/uploads\/2024\/03\/dsc_2713fb__1890x1260-768x512.jpeg 768w, https:\/\/buiteka.lt\/wp-content\/uploads\/2024\/03\/dsc_2713fb__1890x1260-300x200.jpeg 300w, https:\/\/buiteka.lt\/wp-content\/uploads\/2024\/03\/dsc_2713fb__1890x1260-1024x683.jpeg 1024w, https:\/\/buiteka.lt\/wp-content\/uploads\/2024\/03\/dsc_2713fb__1890x1260-1536x1024.jpeg 1536w, https:\/\/buiteka.lt\/wp-content\/uploads\/2024\/03\/dsc_2713fb__1890x1260-18x12.jpeg 18w, https:\/\/buiteka.lt\/wp-content\/uploads\/2024\/03\/dsc_2713fb__1890x1260.jpeg 1890w\" sizes=\"(max-width: 768px) 100vw, 768px\" \/><\/a>\n\t\t\t<\/dt><\/dl><br style=\"clear: both\" \/>\n\t\t<\/div>\n\t\t<\/div>\n\t\t\t\t\t\t<\/div>\n\t\t\t\t<\/div>\n\t\t\t\t\t<\/div>\n\t\t\t\t<\/div>\n\t\t\t\t<\/div>","protected":false},"excerpt":{"rendered":"<p>UAB Buiteka LT si\u016blo ma\u017eai prie\u017ei\u016bros reikalaujan\u010dius, patvarius ir ilgaam\u017eius stiklo pluo\u0161to \u00a0 Modernus ir patvar\u016bs kubilai, kurie pad\u0117s jums atsipalaiduoti bei suma\u017einti stres\u0105.Tokia pramoga galite m\u0117gautis su \u0161eima ar draugu kompanijoje. Stiklo pluo\u0161to kubilo privalumai:\u2022 Higieni\u0161kas;\u2022 Lengvai prizi\u00farimas;\u2022 Ilgaam\u017eis;\u2022 Nepralaidus vandeniui;\u2022 Gelkauto sluoksnis atsparus ultravioletiniams spinduliams. \u00a0 Lauko kubilai gaminami su integruota arba i\u0161orin\u0117 [&hellip;]<\/p>","protected":false},"author":1,"featured_media":0,"parent":0,"menu_order":0,"comment_status":"closed","ping_status":"closed","template":"","meta":{"footnotes":""},"class_list":["post-306","page","type-page","status-publish","hentry"],"acf":[],"rankMath":{"parentDomain":"buiteka.lt","noFollowDomains":[],"noFollowExcludeDomains":[],"noFollowExternalLinks":false,"featuredImageNotice":"\u041f\u043e\u043a\u0430\u0437\u0430\u043d\u043d\u043e\u0435 \u0438\u0437\u043e\u0431\u0440\u0430\u0436\u0435\u043d\u0438\u0435 \u0434\u043e\u043b\u0436\u043d\u043e \u0431\u044b\u0442\u044c \u0440\u0430\u0437\u043c\u0435\u0440\u043e\u043c \u043d\u0435 \u043c\u0435\u043d\u0435\u0435 200 \u043d\u0430 200 \u043f\u0438\u043a\u0441\u0435\u043b\u0435\u0439, \u0447\u0442\u043e\u0431\u044b \u0435\u0433\u043e \u043c\u043e\u0433\u043b\u0438 \u0443\u0432\u0438\u0434\u0435\u0442\u044c Facebook \u0438 \u0434\u0440\u0443\u0433\u0438\u0435 \u0441\u0430\u0439\u0442\u044b \u0441\u043e\u0446\u0438\u0430\u043b\u044c\u043d\u044b\u0445 \u0441\u0435\u0442\u0435\u0439.","pluginReviewed":true,"postSettings":{"linkSuggestions":true,"useFocusKeyword":false},"frontEndScore":false,"postName":"stiklopluosto-kubilai","permalinkFormat":"https:\/\/buiteka.lt\/ru\/%pagename%\/","showLockModifiedDate":true,"assessor":{"focusKeywordLink":"https:\/\/buiteka.lt\/wp-admin\/edit.php?focus_keyword=%focus_keyword%&post_type=%post_type%","hasTOCPlugin":true,"primaryTaxonomy":false,"serpData":{"title":"","description":"","focusKeywords":"","pillarContent":false,"canonicalUrl":"","breadcrumbTitle":"","advancedRobots":{"max-snippet":"-1","max-video-preview":"-1","max-image-preview":"large"},"facebookTitle":"","facebookDescription":"","facebookImage":"","facebookImageID":"","facebookHasOverlay":false,"facebookImageOverlay":"","facebookAuthor":"","twitterCardType":"","twitterUseFacebook":true,"twitterTitle":"","twitterDescription":"","twitterImage":"","twitterImageID":"","twitterHasOverlay":false,"twitterImageOverlay":"","twitterPlayerUrl":"","twitterPlayerSize":"","twitterPlayerStream":"","twitterPlayerStreamCtype":"","twitterAppDescription":"","twitterAppIphoneName":"","twitterAppIphoneID":"","twitterAppIphoneUrl":"","twitterAppIpadName":"","twitterAppIpadID":"","twitterAppIpadUrl":"","twitterAppGoogleplayName":"","twitterAppGoogleplayID":"","twitterAppGoogleplayUrl":"","twitterAppCountry":"","robots":{"index":true},"twitterAuthor":"\u0438\u043c\u044f \u043f\u043e\u043b\u044c\u0437\u043e\u0432\u0430\u0442\u0435\u043b\u044f","primaryTerm":0,"authorName":"adminasdev","titleTemplate":"%title% %sep% %sitename%","descriptionTemplate":"%excerpt%","showScoreFrontend":true,"lockModifiedDate":false},"powerWords":[],"diacritics":{"A":"[\\u0410\\u0430]","B":"[\\u0411\\u0431]","V":"[\\u0412\\u0432]","G":"[\\u0413\\u0433]","D":"[\\u0414\\u0434]","YE":"[\\u0415\\u0435]","YO":"[\\u0401\\u0451]","ZH":"[\\u0416\\u0436]","Z":"[\\u0417\\u0437]","EE":"[\\u0418\\u0438]","YI":"[\\u0419\\u0439]","K":"[\\u041A\\u043A]","L":"[\\u041B\\u043B]","M":"[\\u041C\\u043c]","P":"[\\u041F\\u043F]","T":"[\\u0422\\u0442]","U":"[\\u0423\\u0443]","F":"[\\u0424\\u0444]","H":"[\\u0425\\u0445]","TS":"[\\u0426\\u0446]","CH":"[\\u0427\\u0447]","SH":"[\\u0428\\u0448\\u0429\\u0449]","I":"[\\u042B\\u044B]","E":"[\\u042D\\u044D]","YU":"[\\u042E\\u044E]","YA":"[\\u042F\\u044F]","N":"[\\u041D\\u043D]"},"researchesTests":["contentHasTOC","contentHasShortParagraphs","contentHasAssets","keywordInTitle","keywordInMetaDescription","keywordInPermalink","keywordIn10Percent","keywordInContent","keywordInSubheadings","keywordInImageAlt","keywordDensity","keywordNotUsed","lengthContent","lengthPermalink","linksHasInternal","linksHasExternals","linksNotAllExternals","titleStartWithKeyword","titleSentiment","titleHasPowerWords","titleHasNumber","hasContentAI"],"hasRedirection":true,"hasBreadcrumb":true},"homeUrl":"https:\/\/buiteka.lt\/ru","objectID":306,"objectType":"post","locale":"ru","localeFull":"ru_RU","overlayImages":{"play":{"name":"Play \u0438\u043a\u043e\u043d\u043a\u0430","url":"https:\/\/buiteka.lt\/wp-content\/plugins\/seo-by-rank-math\/assets\/admin\/img\/icon-play.png","path":"\/home\/buiteka.lt\/public_html\/wp-content\/plugins\/seo-by-rank-math\/assets\/admin\/img\/icon-play.png","position":"middle_center"},"gif":{"name":"GIF \u0438\u043a\u043e\u043d\u043a\u0430","url":"https:\/\/buiteka.lt\/wp-content\/plugins\/seo-by-rank-math\/assets\/admin\/img\/icon-gif.png","path":"\/home\/buiteka.lt\/public_html\/wp-content\/plugins\/seo-by-rank-math\/assets\/admin\/img\/icon-gif.png","position":"middle_center"}},"defautOgImage":"https:\/\/buiteka.lt\/wp-content\/uploads\/2024\/03\/176198235_1182885708848995_5088213613569813029_n-3-1.png","customPermalinks":true,"isUserRegistered":true,"autoSuggestKeywords":true,"connectSiteUrl":"https:\/\/rankmath.com\/auth?site=https%3A%2F%2Fbuiteka.lt%2Fru&r=https%3A%2F%2Fbuiteka.lt%2Fru%2Fwp-json%2Fwp%2Fv2%2Fpages%2F306%3Fnonce%3Dd60b425ab2&pro=1","maxTags":100,"trendsIcon":"<svg viewBox=\"0 0 610 610\"><path d=\"M18.85,446,174.32,290.48l58.08,58.08L76.93,504a14.54,14.54,0,0,1-20.55,0L18.83,466.48a14.54,14.54,0,0,1,0-20.55Z\" style=\"fill:#4285f4\"\/><path d=\"M242.65,242.66,377.59,377.6l-47.75,47.75a14.54,14.54,0,0,1-20.55,0L174.37,290.43l47.75-47.75A14.52,14.52,0,0,1,242.65,242.66Z\" style=\"fill:#ea4335\"\/><polygon points=\"319.53 319.53 479.26 159.8 537.34 217.88 377.61 377.62 319.53 319.53\" style=\"fill:#fabb05\"\/><path d=\"M594.26,262.73V118.61h0a16.94,16.94,0,0,0-16.94-16.94H433.2a16.94,16.94,0,0,0-12,28.92L565.34,274.71h0a16.94,16.94,0,0,0,28.92-12Z\" style=\"fill:#34a853\"\/><rect width=\"610\" height=\"610\" style=\"fill:none\"\/><\/svg>","showScore":true,"siteFavIcon":"https:\/\/buiteka.lt\/wp-content\/uploads\/2024\/03\/favicon.png","canUser":{"general":false,"advanced":false,"snippet":false,"social":false,"analysis":false,"analytics":false,"content_ai":false},"isPro":true,"is_front_page":false,"trendsUpgradeLink":"https:\/\/rankmath.com\/pricing\/?utm_source=Plugin&utm_medium=CE%20General%20Tab%20Trends&utm_campaign=WP","trendsUpgradeLabel":"\u0410\u043f\u0433\u0440\u0435\u0439\u0434","trendsPreviewImage":"https:\/\/buiteka.lt\/wp-content\/plugins\/seo-by-rank-math\/assets\/admin\/img\/trends-preview.jpg","currentEditor":false,"homepageData":{"assessor":{"powerWords":[],"diacritics":true,"researchesTests":["contentHasTOC","contentHasShortParagraphs","contentHasAssets","keywordInTitle","keywordInMetaDescription","keywordInPermalink","keywordIn10Percent","keywordInContent","keywordInSubheadings","keywordInImageAlt","keywordDensity","keywordNotUsed","lengthContent","lengthPermalink","linksHasInternal","linksHasExternals","linksNotAllExternals","titleStartWithKeyword","titleSentiment","titleHasPowerWords","titleHasNumber","hasContentAI"],"hasBreadcrumb":true,"serpData":{"title":"%sitename% %page% %sep% %sitedesc%","description":"","titleTemplate":"%sitename% %page% %sep% %sitedesc%","descriptionTemplate":"","focusKeywords":"","breadcrumbTitle":"Home","robots":{"index":true},"advancedRobots":{"max-snippet":"-1","max-video-preview":"-1","max-image-preview":"large"},"facebookTitle":"","facebookDescription":"","facebookImage":"","facebookImageID":""}}},"isAnalyticsConnected":true,"tocTitle":"Table of Contents","tocExcludeHeadings":[],"listStyle":"ul"},"_links":{"self":[{"href":"https:\/\/buiteka.lt\/ru\/wp-json\/wp\/v2\/pages\/306","targetHints":{"allow":["GET"]}}],"collection":[{"href":"https:\/\/buiteka.lt\/ru\/wp-json\/wp\/v2\/pages"}],"about":[{"href":"https:\/\/buiteka.lt\/ru\/wp-json\/wp\/v2\/types\/page"}],"author":[{"embeddable":true,"href":"https:\/\/buiteka.lt\/ru\/wp-json\/wp\/v2\/users\/1"}],"replies":[{"embeddable":true,"href":"https:\/\/buiteka.lt\/ru\/wp-json\/wp\/v2\/comments?post=306"}],"version-history":[{"count":3,"href":"https:\/\/buiteka.lt\/ru\/wp-json\/wp\/v2\/pages\/306\/revisions"}],"predecessor-version":[{"id":1125,"href":"https:\/\/buiteka.lt\/ru\/wp-json\/wp\/v2\/pages\/306\/revisions\/1125"}],"wp:attachment":[{"href":"https:\/\/buiteka.lt\/ru\/wp-json\/wp\/v2\/media?parent=306"}],"curies":[{"name":"wp","href":"https:\/\/api.w.org\/{rel}","templated":true}]}}